
{"id":656,"date":"2026-01-22T16:22:40","date_gmt":"2026-01-22T15:22:40","guid":{"rendered":"https:\/\/talent-code.tech\/services\/fingerabdruck-analyse-paket-fuer-teams\/"},"modified":"2026-01-22T16:22:40","modified_gmt":"2026-01-22T15:22:40","slug":"fingerabdruck-analyse-paket-fuer-teams","status":"publish","type":"product","link":"https:\/\/talent-code.tech\/de\/leistungen\/fingerabdruck-analyse-paket-fuer-teams\/","title":{"rendered":"Fingerabdruck-Analyse: Paket f\u00fcr Teams"},"content":{"rendered":"<h3>Vorteile f\u00fcr euch<\/h3>\n<ul>\n<li>Mehr Teamwork und effektivere Zusammenarbeit<\/li>\n<li>Weniger Konflikte durch unterschiedliche Arbeitsstile<\/li>\n<li>Bessere Ergebnisse durch den Einsatz individueller St\u00e4rken<\/li>\n<\/ul>\n","protected":false},"excerpt":{"rendered":"<p><strong>St\u00e4rken im Team richtig einsetzen.<\/strong><br \/>\nWenn individuelle F\u00e4higkeiten besser aufeinander abgestimmt sind, wird Zusammenarbeit klarer, effizienter und produktiver.<\/p>\n<p><strong>Der Preis f\u00fcr das Programm wird nach einem ersten Beratungsgespr\u00e4ch individuell festgelegt.<\/strong><\/p>\n","protected":false},"featured_media":591,"comment_status":"open","ping_status":"closed","template":"","meta":[],"product_brand":[],"product_cat":[43],"product_tag":[],"class_list":{"0":"post-656","1":"product","2":"type-product","3":"status-publish","4":"has-post-thumbnail","6":"product_cat-talentcode-leistungen","8":"first","9":"instock","10":"taxable","11":"shipping-taxable","12":"product-type-external"},"yoast_head":"<!-- This site is optimized with the Yoast SEO plugin v27.3 - https:\/\/yoast.com\/product\/yoast-seo-wordpress\/ -->\n<title>Fingerabdruck-Analyse: Paket f\u00fcr Teams - TalentCode<\/title>\n<meta name=\"robots\" content=\"index, follow, max-snippet:-1, max-image-preview:large, max-video-preview:-1\" \/>\n<link rel=\"canonical\" href=\"https:\/\/talent-code.tech\/de\/leistungen\/fingerabdruck-analyse-paket-fuer-teams\/\" \/>\n<meta property=\"og:locale\" content=\"de_DE\" \/>\n<meta property=\"og:type\" content=\"article\" \/>\n<meta property=\"og:title\" content=\"Fingerabdruck-Analyse: Paket f\u00fcr Teams - TalentCode\" \/>\n<meta property=\"og:description\" content=\"St\u00e4rken im Team richtig einsetzen. Wenn individuelle F\u00e4higkeiten besser aufeinander abgestimmt sind, wird Zusammenarbeit klarer, effizienter und produktiver. Der Preis f\u00fcr das Programm wird nach einem ersten Beratungsgespr\u00e4ch individuell festgelegt.\" \/>\n<meta property=\"og:url\" content=\"https:\/\/talent-code.tech\/de\/\" \/>\n<meta property=\"og:site_name\" content=\"TalentCode\" \/>\n<meta property=\"article:publisher\" content=\"https:\/\/www.facebook.com\/TalentCode\" \/>\n<meta property=\"og:image\" content=\"https:\/\/talent-code.tech\/wp-content\/uploads\/shop-team-alignment-package.jpg\" \/>\n\t<meta property=\"og:image:width\" content=\"1200\" \/>\n\t<meta property=\"og:image:height\" content=\"800\" \/>\n\t<meta property=\"og:image:type\" content=\"image\/jpeg\" \/>\n<meta name=\"twitter:card\" content=\"summary_large_image\" \/>\n<script type=\"application\/ld+json\" class=\"yoast-schema-graph\">{\"@context\":\"https:\\\/\\\/schema.org\",\"@graph\":[{\"@type\":\"WebPage\",\"@id\":\"https:\\\/\\\/talent-code.tech\\\/de\\\/leistungen\\\/fingerabdruck-analyse-paket-fuer-teams\\\/\",\"url\":\"https:\\\/\\\/talent-code.tech\\\/de\\\/leistungen\\\/fingerabdruck-analyse-paket-fuer-teams\\\/\",\"name\":\"Fingerabdruck-Analyse: Paket f\u00fcr Teams - TalentCode\",\"isPartOf\":{\"@id\":\"https:\\\/\\\/talent-code.tech\\\/de\\\/#website\"},\"primaryImageOfPage\":{\"@id\":\"https:\\\/\\\/talent-code.tech\\\/de\\\/leistungen\\\/fingerabdruck-analyse-paket-fuer-teams\\\/#primaryimage\"},\"image\":{\"@id\":\"https:\\\/\\\/talent-code.tech\\\/de\\\/leistungen\\\/fingerabdruck-analyse-paket-fuer-teams\\\/#primaryimage\"},\"thumbnailUrl\":\"https:\\\/\\\/talent-code.tech\\\/wp-content\\\/uploads\\\/shop-team-alignment-package.jpg\",\"datePublished\":\"2026-01-22T15:22:40+00:00\",\"breadcrumb\":{\"@id\":\"https:\\\/\\\/talent-code.tech\\\/de\\\/leistungen\\\/fingerabdruck-analyse-paket-fuer-teams\\\/#breadcrumb\"},\"inLanguage\":\"de\",\"potentialAction\":[{\"@type\":\"ReadAction\",\"target\":[\"https:\\\/\\\/talent-code.tech\\\/de\\\/leistungen\\\/fingerabdruck-analyse-paket-fuer-teams\\\/\"]}]},{\"@type\":\"ImageObject\",\"inLanguage\":\"de\",\"@id\":\"https:\\\/\\\/talent-code.tech\\\/de\\\/leistungen\\\/fingerabdruck-analyse-paket-fuer-teams\\\/#primaryimage\",\"url\":\"https:\\\/\\\/talent-code.tech\\\/wp-content\\\/uploads\\\/shop-team-alignment-package.jpg\",\"contentUrl\":\"https:\\\/\\\/talent-code.tech\\\/wp-content\\\/uploads\\\/shop-team-alignment-package.jpg\",\"width\":1200,\"height\":800,\"caption\":\"TalentCode Team Alignment Package\"},{\"@type\":\"BreadcrumbList\",\"@id\":\"https:\\\/\\\/talent-code.tech\\\/de\\\/leistungen\\\/fingerabdruck-analyse-paket-fuer-teams\\\/#breadcrumb\",\"itemListElement\":[{\"@type\":\"ListItem\",\"position\":1,\"name\":\"Home\",\"item\":\"https:\\\/\\\/talent-code.tech\\\/de\\\/\"},{\"@type\":\"ListItem\",\"position\":2,\"name\":\"Unsere Leistungen (Shop)\",\"item\":\"https:\\\/\\\/talent-code.tech\\\/de\\\/shop\\\/\"},{\"@type\":\"ListItem\",\"position\":3,\"name\":\"Fingerabdruck-Analyse: Paket f\u00fcr Teams\"}]},{\"@type\":\"WebSite\",\"@id\":\"https:\\\/\\\/talent-code.tech\\\/de\\\/#website\",\"url\":\"https:\\\/\\\/talent-code.tech\\\/de\\\/\",\"name\":\"TalentCode\",\"description\":\"\",\"potentialAction\":[{\"@type\":\"SearchAction\",\"target\":{\"@type\":\"EntryPoint\",\"urlTemplate\":\"https:\\\/\\\/talent-code.tech\\\/de\\\/?s={search_term_string}\"},\"query-input\":{\"@type\":\"PropertyValueSpecification\",\"valueRequired\":true,\"valueName\":\"search_term_string\"}}],\"inLanguage\":\"de\"}]}<\/script>\n<!-- \/ Yoast SEO plugin. -->","yoast_head_json":{"title":"Fingerabdruck-Analyse: Paket f\u00fcr Teams - TalentCode","robots":{"index":"index","follow":"follow","max-snippet":"max-snippet:-1","max-image-preview":"max-image-preview:large","max-video-preview":"max-video-preview:-1"},"canonical":"https:\/\/talent-code.tech\/de\/leistungen\/fingerabdruck-analyse-paket-fuer-teams\/","og_locale":"de_DE","og_type":"article","og_title":"Fingerabdruck-Analyse: Paket f\u00fcr Teams - TalentCode","og_description":"St\u00e4rken im Team richtig einsetzen. Wenn individuelle F\u00e4higkeiten besser aufeinander abgestimmt sind, wird Zusammenarbeit klarer, effizienter und produktiver. Der Preis f\u00fcr das Programm wird nach einem ersten Beratungsgespr\u00e4ch individuell festgelegt.","og_url":"https:\/\/talent-code.tech\/de\/","og_site_name":"TalentCode","article_publisher":"https:\/\/www.facebook.com\/TalentCode","og_image":[{"width":1200,"height":800,"url":"https:\/\/talent-code.tech\/wp-content\/uploads\/shop-team-alignment-package.jpg","type":"image\/jpeg"}],"twitter_card":"summary_large_image","schema":{"@context":"https:\/\/schema.org","@graph":[{"@type":"WebPage","@id":"https:\/\/talent-code.tech\/de\/leistungen\/fingerabdruck-analyse-paket-fuer-teams\/","url":"https:\/\/talent-code.tech\/de\/leistungen\/fingerabdruck-analyse-paket-fuer-teams\/","name":"Fingerabdruck-Analyse: Paket f\u00fcr Teams - TalentCode","isPartOf":{"@id":"https:\/\/talent-code.tech\/de\/#website"},"primaryImageOfPage":{"@id":"https:\/\/talent-code.tech\/de\/leistungen\/fingerabdruck-analyse-paket-fuer-teams\/#primaryimage"},"image":{"@id":"https:\/\/talent-code.tech\/de\/leistungen\/fingerabdruck-analyse-paket-fuer-teams\/#primaryimage"},"thumbnailUrl":"https:\/\/talent-code.tech\/wp-content\/uploads\/shop-team-alignment-package.jpg","datePublished":"2026-01-22T15:22:40+00:00","breadcrumb":{"@id":"https:\/\/talent-code.tech\/de\/leistungen\/fingerabdruck-analyse-paket-fuer-teams\/#breadcrumb"},"inLanguage":"de","potentialAction":[{"@type":"ReadAction","target":["https:\/\/talent-code.tech\/de\/leistungen\/fingerabdruck-analyse-paket-fuer-teams\/"]}]},{"@type":"ImageObject","inLanguage":"de","@id":"https:\/\/talent-code.tech\/de\/leistungen\/fingerabdruck-analyse-paket-fuer-teams\/#primaryimage","url":"https:\/\/talent-code.tech\/wp-content\/uploads\/shop-team-alignment-package.jpg","contentUrl":"https:\/\/talent-code.tech\/wp-content\/uploads\/shop-team-alignment-package.jpg","width":1200,"height":800,"caption":"TalentCode Team Alignment Package"},{"@type":"BreadcrumbList","@id":"https:\/\/talent-code.tech\/de\/leistungen\/fingerabdruck-analyse-paket-fuer-teams\/#breadcrumb","itemListElement":[{"@type":"ListItem","position":1,"name":"Home","item":"https:\/\/talent-code.tech\/de\/"},{"@type":"ListItem","position":2,"name":"Unsere Leistungen (Shop)","item":"https:\/\/talent-code.tech\/de\/shop\/"},{"@type":"ListItem","position":3,"name":"Fingerabdruck-Analyse: Paket f\u00fcr Teams"}]},{"@type":"WebSite","@id":"https:\/\/talent-code.tech\/de\/#website","url":"https:\/\/talent-code.tech\/de\/","name":"TalentCode","description":"","potentialAction":[{"@type":"SearchAction","target":{"@type":"EntryPoint","urlTemplate":"https:\/\/talent-code.tech\/de\/?s={search_term_string}"},"query-input":{"@type":"PropertyValueSpecification","valueRequired":true,"valueName":"search_term_string"}}],"inLanguage":"de"}]}},"_links":{"self":[{"href":"https:\/\/talent-code.tech\/de\/wp-json\/wp\/v2\/product\/656","targetHints":{"allow":["GET"]}}],"collection":[{"href":"https:\/\/talent-code.tech\/de\/wp-json\/wp\/v2\/product"}],"about":[{"href":"https:\/\/talent-code.tech\/de\/wp-json\/wp\/v2\/types\/product"}],"replies":[{"embeddable":true,"href":"https:\/\/talent-code.tech\/de\/wp-json\/wp\/v2\/comments?post=656"}],"wp:featuredmedia":[{"embeddable":true,"href":"https:\/\/talent-code.tech\/de\/wp-json\/wp\/v2\/media\/591"}],"wp:attachment":[{"href":"https:\/\/talent-code.tech\/de\/wp-json\/wp\/v2\/media?parent=656"}],"wp:term":[{"taxonomy":"product_brand","embeddable":true,"href":"https:\/\/talent-code.tech\/de\/wp-json\/wp\/v2\/product_brand?post=656"},{"taxonomy":"product_cat","embeddable":true,"href":"https:\/\/talent-code.tech\/de\/wp-json\/wp\/v2\/product_cat?post=656"},{"taxonomy":"product_tag","embeddable":true,"href":"https:\/\/talent-code.tech\/de\/wp-json\/wp\/v2\/product_tag?post=656"}],"curies":[{"name":"wp","href":"https:\/\/api.w.org\/{rel}","templated":true}]}}