
{"id":658,"date":"2026-01-15T13:59:28","date_gmt":"2026-01-15T12:59:28","guid":{"rendered":"https:\/\/talent-code.tech\/services\/fingerabdruck-analyse-paket-fuer-familien\/"},"modified":"2026-01-15T13:59:28","modified_gmt":"2026-01-15T12:59:28","slug":"fingerabdruck-analyse-paket-fuer-familien","status":"publish","type":"product","link":"https:\/\/talent-code.tech\/de\/leistungen\/fingerabdruck-analyse-paket-fuer-familien\/","title":{"rendered":"Fingerabdruck-Analyse: Paket f\u00fcr Familien"},"content":{"rendered":"<h3>Vorteile f\u00fcr euch<\/h3>\n<ul>\n<li>Einblick in die nat\u00fcrlichen Eigenschaften jedes Familienmitglieds<\/li>\n<li>Weniger Konflikte durch klarere Kommunikation<\/li>\n<li>Eine gemeinsame Sprache f\u00fcr gegenseitiges Verst\u00e4ndnis<\/li>\n<\/ul>\n","protected":false},"excerpt":{"rendered":"<p><b>Unterschiedlich sein und sich trotzdem verstehen.<\/b><\/p>\n<p>Erkennt die nat\u00fcrlichen Unterschiede in eurer Familie und entwickelt ein gemeinsames Verst\u00e4ndnis f\u00fcr verschiedene Denk- und Kommunikationsweisen.<\/p>\n","protected":false},"featured_media":585,"comment_status":"open","ping_status":"closed","template":"","meta":[],"product_brand":[],"product_cat":[43],"product_tag":[],"class_list":{"0":"post-658","1":"product","2":"type-product","3":"status-publish","4":"has-post-thumbnail","6":"product_cat-talentcode-leistungen","8":"first","9":"instock","10":"downloadable","11":"virtual","12":"taxable","13":"purchasable","14":"product-type-simple"},"yoast_head":"<!-- This site is optimized with the Yoast SEO plugin v27.3 - https:\/\/yoast.com\/product\/yoast-seo-wordpress\/ -->\n<title>Fingerabdruck-Analyse: Paket f\u00fcr Familien - TalentCode<\/title>\n<meta name=\"robots\" content=\"index, follow, max-snippet:-1, max-image-preview:large, max-video-preview:-1\" \/>\n<link rel=\"canonical\" href=\"https:\/\/talent-code.tech\/de\/leistungen\/fingerabdruck-analyse-paket-fuer-familien\/\" \/>\n<meta property=\"og:locale\" content=\"de_DE\" \/>\n<meta property=\"og:type\" content=\"article\" \/>\n<meta property=\"og:title\" content=\"Fingerabdruck-Analyse: Paket f\u00fcr Familien - TalentCode\" \/>\n<meta property=\"og:description\" content=\"Unterschiedlich sein und sich trotzdem verstehen. Erkennt die nat\u00fcrlichen Unterschiede in eurer Familie und entwickelt ein gemeinsames Verst\u00e4ndnis f\u00fcr verschiedene Denk- und Kommunikationsweisen.\" \/>\n<meta property=\"og:url\" content=\"https:\/\/talent-code.tech\/de\/\" \/>\n<meta property=\"og:site_name\" content=\"TalentCode\" \/>\n<meta property=\"article:publisher\" content=\"https:\/\/www.facebook.com\/TalentCode\" \/>\n<meta property=\"og:image\" content=\"https:\/\/talent-code.tech\/wp-content\/uploads\/shop-family-alignment-package.jpg\" \/>\n\t<meta property=\"og:image:width\" content=\"1200\" \/>\n\t<meta property=\"og:image:height\" content=\"800\" \/>\n\t<meta property=\"og:image:type\" content=\"image\/jpeg\" \/>\n<meta name=\"twitter:card\" content=\"summary_large_image\" \/>\n<script type=\"application\/ld+json\" class=\"yoast-schema-graph\">{\"@context\":\"https:\\\/\\\/schema.org\",\"@graph\":[{\"@type\":\"WebPage\",\"@id\":\"https:\\\/\\\/talent-code.tech\\\/de\\\/leistungen\\\/fingerabdruck-analyse-paket-fuer-familien\\\/\",\"url\":\"https:\\\/\\\/talent-code.tech\\\/de\\\/leistungen\\\/fingerabdruck-analyse-paket-fuer-familien\\\/\",\"name\":\"Fingerabdruck-Analyse: Paket f\u00fcr Familien - TalentCode\",\"isPartOf\":{\"@id\":\"https:\\\/\\\/talent-code.tech\\\/de\\\/#website\"},\"primaryImageOfPage\":{\"@id\":\"https:\\\/\\\/talent-code.tech\\\/de\\\/leistungen\\\/fingerabdruck-analyse-paket-fuer-familien\\\/#primaryimage\"},\"image\":{\"@id\":\"https:\\\/\\\/talent-code.tech\\\/de\\\/leistungen\\\/fingerabdruck-analyse-paket-fuer-familien\\\/#primaryimage\"},\"thumbnailUrl\":\"https:\\\/\\\/talent-code.tech\\\/wp-content\\\/uploads\\\/shop-family-alignment-package.jpg\",\"datePublished\":\"2026-01-15T12:59:28+00:00\",\"breadcrumb\":{\"@id\":\"https:\\\/\\\/talent-code.tech\\\/de\\\/leistungen\\\/fingerabdruck-analyse-paket-fuer-familien\\\/#breadcrumb\"},\"inLanguage\":\"de\",\"potentialAction\":[{\"@type\":\"ReadAction\",\"target\":[\"https:\\\/\\\/talent-code.tech\\\/de\\\/leistungen\\\/fingerabdruck-analyse-paket-fuer-familien\\\/\"]}]},{\"@type\":\"ImageObject\",\"inLanguage\":\"de\",\"@id\":\"https:\\\/\\\/talent-code.tech\\\/de\\\/leistungen\\\/fingerabdruck-analyse-paket-fuer-familien\\\/#primaryimage\",\"url\":\"https:\\\/\\\/talent-code.tech\\\/wp-content\\\/uploads\\\/shop-family-alignment-package.jpg\",\"contentUrl\":\"https:\\\/\\\/talent-code.tech\\\/wp-content\\\/uploads\\\/shop-family-alignment-package.jpg\",\"width\":1200,\"height\":800,\"caption\":\"TalentCode Family Alignment Package\"},{\"@type\":\"BreadcrumbList\",\"@id\":\"https:\\\/\\\/talent-code.tech\\\/de\\\/leistungen\\\/fingerabdruck-analyse-paket-fuer-familien\\\/#breadcrumb\",\"itemListElement\":[{\"@type\":\"ListItem\",\"position\":1,\"name\":\"Home\",\"item\":\"https:\\\/\\\/talent-code.tech\\\/de\\\/\"},{\"@type\":\"ListItem\",\"position\":2,\"name\":\"Unsere Leistungen (Shop)\",\"item\":\"https:\\\/\\\/talent-code.tech\\\/de\\\/shop\\\/\"},{\"@type\":\"ListItem\",\"position\":3,\"name\":\"Fingerabdruck-Analyse: Paket f\u00fcr Familien\"}]},{\"@type\":\"WebSite\",\"@id\":\"https:\\\/\\\/talent-code.tech\\\/de\\\/#website\",\"url\":\"https:\\\/\\\/talent-code.tech\\\/de\\\/\",\"name\":\"TalentCode\",\"description\":\"\",\"potentialAction\":[{\"@type\":\"SearchAction\",\"target\":{\"@type\":\"EntryPoint\",\"urlTemplate\":\"https:\\\/\\\/talent-code.tech\\\/de\\\/?s={search_term_string}\"},\"query-input\":{\"@type\":\"PropertyValueSpecification\",\"valueRequired\":true,\"valueName\":\"search_term_string\"}}],\"inLanguage\":\"de\"}]}<\/script>\n<!-- \/ Yoast SEO plugin. -->","yoast_head_json":{"title":"Fingerabdruck-Analyse: Paket f\u00fcr Familien - TalentCode","robots":{"index":"index","follow":"follow","max-snippet":"max-snippet:-1","max-image-preview":"max-image-preview:large","max-video-preview":"max-video-preview:-1"},"canonical":"https:\/\/talent-code.tech\/de\/leistungen\/fingerabdruck-analyse-paket-fuer-familien\/","og_locale":"de_DE","og_type":"article","og_title":"Fingerabdruck-Analyse: Paket f\u00fcr Familien - TalentCode","og_description":"Unterschiedlich sein und sich trotzdem verstehen. Erkennt die nat\u00fcrlichen Unterschiede in eurer Familie und entwickelt ein gemeinsames Verst\u00e4ndnis f\u00fcr verschiedene Denk- und Kommunikationsweisen.","og_url":"https:\/\/talent-code.tech\/de\/","og_site_name":"TalentCode","article_publisher":"https:\/\/www.facebook.com\/TalentCode","og_image":[{"width":1200,"height":800,"url":"https:\/\/talent-code.tech\/wp-content\/uploads\/shop-family-alignment-package.jpg","type":"image\/jpeg"}],"twitter_card":"summary_large_image","schema":{"@context":"https:\/\/schema.org","@graph":[{"@type":"WebPage","@id":"https:\/\/talent-code.tech\/de\/leistungen\/fingerabdruck-analyse-paket-fuer-familien\/","url":"https:\/\/talent-code.tech\/de\/leistungen\/fingerabdruck-analyse-paket-fuer-familien\/","name":"Fingerabdruck-Analyse: Paket f\u00fcr Familien - TalentCode","isPartOf":{"@id":"https:\/\/talent-code.tech\/de\/#website"},"primaryImageOfPage":{"@id":"https:\/\/talent-code.tech\/de\/leistungen\/fingerabdruck-analyse-paket-fuer-familien\/#primaryimage"},"image":{"@id":"https:\/\/talent-code.tech\/de\/leistungen\/fingerabdruck-analyse-paket-fuer-familien\/#primaryimage"},"thumbnailUrl":"https:\/\/talent-code.tech\/wp-content\/uploads\/shop-family-alignment-package.jpg","datePublished":"2026-01-15T12:59:28+00:00","breadcrumb":{"@id":"https:\/\/talent-code.tech\/de\/leistungen\/fingerabdruck-analyse-paket-fuer-familien\/#breadcrumb"},"inLanguage":"de","potentialAction":[{"@type":"ReadAction","target":["https:\/\/talent-code.tech\/de\/leistungen\/fingerabdruck-analyse-paket-fuer-familien\/"]}]},{"@type":"ImageObject","inLanguage":"de","@id":"https:\/\/talent-code.tech\/de\/leistungen\/fingerabdruck-analyse-paket-fuer-familien\/#primaryimage","url":"https:\/\/talent-code.tech\/wp-content\/uploads\/shop-family-alignment-package.jpg","contentUrl":"https:\/\/talent-code.tech\/wp-content\/uploads\/shop-family-alignment-package.jpg","width":1200,"height":800,"caption":"TalentCode Family Alignment Package"},{"@type":"BreadcrumbList","@id":"https:\/\/talent-code.tech\/de\/leistungen\/fingerabdruck-analyse-paket-fuer-familien\/#breadcrumb","itemListElement":[{"@type":"ListItem","position":1,"name":"Home","item":"https:\/\/talent-code.tech\/de\/"},{"@type":"ListItem","position":2,"name":"Unsere Leistungen (Shop)","item":"https:\/\/talent-code.tech\/de\/shop\/"},{"@type":"ListItem","position":3,"name":"Fingerabdruck-Analyse: Paket f\u00fcr Familien"}]},{"@type":"WebSite","@id":"https:\/\/talent-code.tech\/de\/#website","url":"https:\/\/talent-code.tech\/de\/","name":"TalentCode","description":"","potentialAction":[{"@type":"SearchAction","target":{"@type":"EntryPoint","urlTemplate":"https:\/\/talent-code.tech\/de\/?s={search_term_string}"},"query-input":{"@type":"PropertyValueSpecification","valueRequired":true,"valueName":"search_term_string"}}],"inLanguage":"de"}]}},"_links":{"self":[{"href":"https:\/\/talent-code.tech\/de\/wp-json\/wp\/v2\/product\/658","targetHints":{"allow":["GET"]}}],"collection":[{"href":"https:\/\/talent-code.tech\/de\/wp-json\/wp\/v2\/product"}],"about":[{"href":"https:\/\/talent-code.tech\/de\/wp-json\/wp\/v2\/types\/product"}],"replies":[{"embeddable":true,"href":"https:\/\/talent-code.tech\/de\/wp-json\/wp\/v2\/comments?post=658"}],"wp:featuredmedia":[{"embeddable":true,"href":"https:\/\/talent-code.tech\/de\/wp-json\/wp\/v2\/media\/585"}],"wp:attachment":[{"href":"https:\/\/talent-code.tech\/de\/wp-json\/wp\/v2\/media?parent=658"}],"wp:term":[{"taxonomy":"product_brand","embeddable":true,"href":"https:\/\/talent-code.tech\/de\/wp-json\/wp\/v2\/product_brand?post=658"},{"taxonomy":"product_cat","embeddable":true,"href":"https:\/\/talent-code.tech\/de\/wp-json\/wp\/v2\/product_cat?post=658"},{"taxonomy":"product_tag","embeddable":true,"href":"https:\/\/talent-code.tech\/de\/wp-json\/wp\/v2\/product_tag?post=658"}],"curies":[{"name":"wp","href":"https:\/\/api.w.org\/{rel}","templated":true}]}}